{"id":29,"date":"2025-11-27T14:28:01","date_gmt":"2025-11-27T14:28:01","guid":{"rendered":"http:\/\/hiddenstays.fr\/?page_id=29"},"modified":"2025-12-08T10:46:19","modified_gmt":"2025-12-08T10:46:19","slug":"devenez-hebergeur","status":"publish","type":"page","link":"https:\/\/hiddenstays.fr\/en\/devenez-hebergeur\/","title":{"rendered":"Become a host"},"content":{"rendered":"<div data-elementor-type=\"wp-page\" data-elementor-id=\"29\" class=\"elementor elementor-29\">\n\t\t\t\t<div class=\"elementor-element elementor-element-b156e3d e-flex e-con-boxed e-con e-parent\" data-id=\"b156e3d\" data-element_type=\"container\" data-e-type=\"container\" data-settings=\"{&quot;background_background&quot;:&quot;classic&quot;}\">\n\t\t\t\t\t<div class=\"e-con-inner\">\n\t\t\t\t<div class=\"elementor-element elementor-element-fb820ed elementor-widget__width-initial elementor-widget elementor-widget-heading\" data-id=\"fb820ed\" data-element_type=\"widget\" data-e-type=\"widget\" data-widget_type=\"heading.default\">\n\t\t\t\t\t<h1 class=\"elementor-heading-title elementor-size-default\">Become a host<\/h1>\t\t\t\t<\/div>\n\t\t\t\t<div class=\"elementor-element elementor-element-1236b82 elementor-widget-divider--view-line elementor-widget elementor-widget-divider\" data-id=\"1236b82\" data-element_type=\"widget\" data-e-type=\"widget\" data-widget_type=\"divider.default\">\n\t\t\t\t\t\t\t<div class=\"elementor-divider\">\n\t\t\t<span class=\"elementor-divider-separator\">\n\t\t\t\t\t\t<\/span>\n\t\t<\/div>\n\t\t\t\t\t\t<\/div>\n\t\t\t\t\t<\/div>\n\t\t\t\t<\/div>\n\t\t<div class=\"elementor-element elementor-element-2fb43ff e-flex e-con-boxed e-con e-parent\" data-id=\"2fb43ff\" data-element_type=\"container\" data-e-type=\"container\">\n\t\t\t\t\t<div class=\"e-con-inner\">\n\t\t\t\t<div class=\"elementor-element elementor-element-5219bae elementor-widget elementor-widget-heading\" data-id=\"5219bae\" data-element_type=\"widget\" data-e-type=\"widget\" data-widget_type=\"heading.default\">\n\t\t\t\t\t<h2 class=\"elementor-heading-title elementor-size-default\">Contact us<\/h2>\t\t\t\t<\/div>\n\t\t\t\t<div class=\"elementor-element elementor-element-51cdd17 elementor-widget elementor-widget-spacer\" data-id=\"51cdd17\" data-element_type=\"widget\" data-e-type=\"widget\" data-widget_type=\"spacer.default\">\n\t\t\t\t\t\t\t<div class=\"elementor-spacer\">\n\t\t\t<div class=\"elementor-spacer-inner\"><\/div>\n\t\t<\/div>\n\t\t\t\t\t\t<\/div>\n\t\t\t\t\t<\/div>\n\t\t\t\t<\/div>\n\t\t<div class=\"elementor-element elementor-element-d4c9c74 e-con-full e-flex e-con e-parent\" data-id=\"d4c9c74\" data-element_type=\"container\" data-e-type=\"container\" data-settings=\"{&quot;background_background&quot;:&quot;classic&quot;}\">\n\t\t\t\t<div class=\"elementor-element elementor-element-78ae766 elementor-widget__width-initial elementor-widget elementor-widget-shortcode\" data-id=\"78ae766\" data-element_type=\"widget\" data-e-type=\"widget\" data-widget_type=\"shortcode.default\">\n\t\t\t\t\t\t\t<div class=\"elementor-shortcode\">\n<div class=\"wpcf7 no-js\" id=\"wpcf7-f11-o1\" lang=\"fr-FR\" dir=\"ltr\" data-wpcf7-id=\"11\">\n<div class=\"screen-reader-response\"><p role=\"status\" aria-live=\"polite\" aria-atomic=\"true\"><\/p> <ul><\/ul><\/div>\n<form action=\"\/en\/wp-json\/wp\/v2\/pages\/29#wpcf7-f11-o1\" method=\"post\" class=\"wpcf7-form init\" aria-label=\"Contact form\" novalidate=\"novalidate\" data-status=\"init\" data-trp-original-action=\"\/en\/wp-json\/wp\/v2\/pages\/29#wpcf7-f11-o1\">\n<fieldset class=\"hidden-fields-container\"><input type=\"hidden\" name=\"_wpcf7\" value=\"11\" \/><input type=\"hidden\" name=\"_wpcf7_version\" value=\"6.1.5\" \/><input type=\"hidden\" name=\"_wpcf7_locale\" value=\"fr_FR\" \/><input type=\"hidden\" name=\"_wpcf7_unit_tag\" value=\"wpcf7-f11-o1\" \/><input type=\"hidden\" name=\"_wpcf7_container_post\" value=\"0\" \/><input type=\"hidden\" name=\"_wpcf7_posted_data_hash\" value=\"\" \/>\n<\/fieldset>\n<p><label> Your host name<br \/>\n<span class=\"wpcf7-form-control-wrap\" data-name=\"your-name\"><input size=\"40\" maxlength=\"400\" class=\"wpcf7-form-control wpcf7-text wpcf7-validates-as-required\" autocomplete=\"name\" aria-required=\"true\" aria-invalid=\"false\" value=\"\" type=\"text\" name=\"your-name\" \/><\/span> <\/label>\n<\/p>\n<p><label> Type of accommodation<br \/>\n<span class=\"wpcf7-form-control-wrap\" data-name=\"select-253\"><select class=\"wpcf7-form-control wpcf7-select wpcf7-validates-as-required\" aria-required=\"true\" aria-invalid=\"false\" name=\"select-253\"><option value=\"\"><\/option><option value=\"Autre\">Other<\/option><option value=\"Bateau \/ P\u00e9niche\">Boat \/ Barge<\/option><option value=\"Bulle transparente\">Transparent bubble<\/option><option value=\"Cabane dans les arbres\">Tree house<\/option><option value=\"Cabane flottante\">Floating hut<\/option><option value=\"Cabane troglodyte\">Troglodyte hut<\/option><option value=\"Cabanon en bois\">Wooden shed<\/option><option value=\"Chalet d\u2019alpage\">Alpine chalet<\/option><option value=\"D\u00f4me\">Dome<\/option><option value=\"\u00c9colodge\">Ecolodge<\/option><option value=\"Maison de hobbit\">Hobbit house<\/option><option value=\"Maison sur pilotis\">House on stilts<\/option><option value=\"Roulotte\">Roulotte<\/option><option value=\"Tiny House\">Tiny House<\/option><option value=\"Tente Lodge\">Lodge tent<\/option><option value=\"Tipi\">Tipi<\/option><option value=\"Tonneau\">Barrel<\/option><option value=\"Train am\u00e9nag\u00e9\">Converted train<\/option><option value=\"Yourte\">Yurt<\/option><\/select><\/span> <\/label>\n<\/p>\n<p><label> If other, please specify<br \/>\n<span class=\"wpcf7-form-control-wrap\" data-name=\"text-593\"><input size=\"40\" maxlength=\"85\" minlength=\"1\" class=\"wpcf7-form-control wpcf7-text\" aria-invalid=\"false\" value=\"\" type=\"text\" name=\"text-593\" \/><\/span> <\/label>\n<\/p>\n<p><label> Your department<br \/>\n<span class=\"wpcf7-form-control-wrap\" data-name=\"select-54\"><select class=\"wpcf7-form-control wpcf7-select wpcf7-validates-as-required\" aria-required=\"true\" aria-invalid=\"false\" name=\"select-54\"><option value=\"\"><\/option><option value=\"04 - Alpes de Haute Provence\">04 - Alpes de Haute Provence<\/option><option value=\"05 - Hautes-Alpes\">05 - Hautes-Alpes<\/option><option value=\"06 - Alpes Maritimes\">06 - Alpes Maritimes<\/option><option value=\"13 - Bouches-du-Rh\u00f4ne\">13 - Bouches-du-Rh\u00f4ne<\/option><option value=\"83 - Var\">83 - Var<\/option><option value=\"84 - Vaucluse\">84 - Vaucluse<\/option><\/select><\/span> <\/label>\n<\/p>\n<p><label> Your municipality<br \/>\n<span class=\"wpcf7-form-control-wrap\" data-name=\"text-647\"><input size=\"40\" maxlength=\"85\" minlength=\"1\" class=\"wpcf7-form-control wpcf7-text wpcf7-validates-as-required\" aria-required=\"true\" aria-invalid=\"false\" value=\"\" type=\"text\" name=\"text-647\" \/><\/span> <\/label>\n<\/p>\n<p><label> Your e-mail<br \/>\n<span class=\"wpcf7-form-control-wrap\" data-name=\"your-email\"><input size=\"40\" maxlength=\"400\" class=\"wpcf7-form-control wpcf7-email wpcf7-validates-as-required wpcf7-text wpcf7-validates-as-email\" autocomplete=\"email\" aria-required=\"true\" aria-invalid=\"false\" value=\"\" type=\"email\" name=\"your-email\" \/><\/span> <\/label>\n<\/p>\n<p><label> Your message<br \/>\n<span class=\"wpcf7-form-control-wrap\" data-name=\"your-message\"><textarea cols=\"40\" rows=\"10\" maxlength=\"2000\" class=\"wpcf7-form-control wpcf7-textarea wpcf7-validates-as-required\" aria-required=\"true\" aria-invalid=\"false\" name=\"your-message\"><\/textarea><\/span> <\/label>\n<\/p>\n<p><span class=\"wpcf7-form-control-wrap\" data-name=\"acceptance-889\"><span class=\"wpcf7-form-control wpcf7-acceptance\"><span class=\"wpcf7-list-item\"><label><input type=\"checkbox\" name=\"acceptance-889\" value=\"1\" aria-invalid=\"false\" \/><span class=\"wpcf7-list-item-label\">I have read and accept the privacy policy of this site.<\/span><\/label><\/span><\/span><\/span>\n<\/p>\n<p><input class=\"wpcf7-form-control wpcf7-submit has-spinner\" type=\"submit\" value=\"Send\" \/>\n<\/p><p style=\"display: none !important;\" class=\"akismet-fields-container\" data-prefix=\"_wpcf7_ak_\"><label>&#916;<textarea name=\"_wpcf7_ak_hp_textarea\" cols=\"45\" rows=\"8\" maxlength=\"100\"><\/textarea><\/label><input type=\"hidden\" id=\"ak_js_1\" name=\"_wpcf7_ak_js\" value=\"175\"\/><script>document.getElementById( \"ak_js_1\" ).setAttribute( \"value\", ( new Date() ).getTime() );<\/script><\/p><div class=\"wpcf7-response-output\" aria-hidden=\"true\"><\/div>\n<input type=\"hidden\" name=\"trp-form-language\" value=\"en\"\/><\/form>\n<\/div>\n<\/div>\n\t\t\t\t\t\t<\/div>\n\t\t\t\t<\/div>\n\t\t<div class=\"elementor-element elementor-element-eb5de2d e-flex e-con-boxed e-con e-parent\" data-id=\"eb5de2d\" data-element_type=\"container\" data-e-type=\"container\">\n\t\t\t\t\t<div class=\"e-con-inner\">\n\t\t\t\t<div class=\"elementor-element elementor-element-5650443 elementor-widget elementor-widget-spacer\" data-id=\"5650443\" data-element_type=\"widget\" data-e-type=\"widget\" data-widget_type=\"spacer.default\">\n\t\t\t\t\t\t\t<div class=\"elementor-spacer\">\n\t\t\t<div class=\"elementor-spacer-inner\"><\/div>\n\t\t<\/div>\n\t\t\t\t\t\t<\/div>\n\t\t\t\t\t<\/div>\n\t\t\t\t<\/div>\n\t\t<div class=\"elementor-element elementor-element-b5235f6 e-flex e-con-boxed e-con e-parent\" data-id=\"b5235f6\" data-element_type=\"container\" data-e-type=\"container\" data-settings=\"{&quot;background_background&quot;:&quot;classic&quot;}\">\n\t\t\t\t\t<div class=\"e-con-inner\">\n\t\t<div class=\"elementor-element elementor-element-538f285 e-con-full e-flex e-con e-child\" data-id=\"538f285\" data-element_type=\"container\" data-e-type=\"container\">\n\t\t<div class=\"elementor-element elementor-element-6351910 e-con-full e-flex e-con e-child\" data-id=\"6351910\" data-element_type=\"container\" data-e-type=\"container\">\n\t\t\t\t<div class=\"elementor-element elementor-element-44acace elementor-widget elementor-widget-heading\" data-id=\"44acace\" data-element_type=\"widget\" data-e-type=\"widget\" data-widget_type=\"heading.default\">\n\t\t\t\t\t<h2 class=\"elementor-heading-title elementor-size-default\">Confidentiality<\/h2>\t\t\t\t<\/div>\n\t\t\t\t<div class=\"elementor-element elementor-element-2581a00 elementor-widget elementor-widget-text-editor\" data-id=\"2581a00\" data-element_type=\"widget\" data-e-type=\"widget\" data-widget_type=\"text-editor.default\">\n\t\t\t\t\t\t\t\t\t<p><a href=\"http:\/\/hiddenstays.fr\/en\/mentions-legales\/?preview_id=152&amp;preview_nonce=b3a726c80f&amp;preview=true\">Legal information\u00a0<\/a><\/p>\t\t\t\t\t\t\t\t<\/div>\n\t\t\t\t<div class=\"elementor-element elementor-element-c373d74 elementor-widget elementor-widget-text-editor\" data-id=\"c373d74\" data-element_type=\"widget\" data-e-type=\"widget\" data-widget_type=\"text-editor.default\">\n\t\t\t\t\t\t\t\t\t<p><a href=\"http:\/\/hiddenstays.fr\/en\/politique-de-confidentialite\/?preview_id=150&amp;preview_nonce=a7bf50650c&amp;preview=true\">Privacy policy<\/a><\/p>\t\t\t\t\t\t\t\t<\/div>\n\t\t\t\t<\/div>\n\t\t<div class=\"elementor-element elementor-element-3ab1d9b e-con-full e-flex e-con e-child\" data-id=\"3ab1d9b\" data-element_type=\"container\" data-e-type=\"container\">\n\t\t\t\t<div class=\"elementor-element elementor-element-5d5e7b4 elementor-widget elementor-widget-heading\" data-id=\"5d5e7b4\" data-element_type=\"widget\" data-e-type=\"widget\" data-widget_type=\"heading.default\">\n\t\t\t\t\t<h2 class=\"elementor-heading-title elementor-size-default\">FOLLOW US<\/h2>\t\t\t\t<\/div>\n\t\t\t\t<div class=\"elementor-element elementor-element-0a3eced elementor-shape-circle elementor-grid-0 e-grid-align-center elementor-widget elementor-widget-social-icons\" data-id=\"0a3eced\" data-element_type=\"widget\" data-e-type=\"widget\" data-widget_type=\"social-icons.default\">\n\t\t\t\t\t\t\t<div class=\"elementor-social-icons-wrapper elementor-grid\" role=\"list\">\n\t\t\t\t\t\t\t<span class=\"elementor-grid-item\" role=\"listitem\">\n\t\t\t\t\t<a class=\"elementor-icon elementor-social-icon elementor-social-icon-facebook elementor-repeater-item-c4326d6\" target=\"_blank\">\n\t\t\t\t\t\t<span class=\"elementor-screen-only\">Facebook<\/span>\n\t\t\t\t\t\t<svg aria-hidden=\"true\" class=\"e-font-icon-svg e-fab-facebook\" viewbox=\"0 0 512 512\" xmlns=\"http:\/\/www.w3.org\/2000\/svg\"><path d=\"M504 256C504 119 393 8 256 8S8 119 8 256c0 123.78 90.69 226.38 209.25 245V327.69h-63V256h63v-54.64c0-62.15 37-96.48 93.67-96.48 27.14 0 55.52 4.84 55.52 4.84v61h-31.28c-30.8 0-40.41 19.12-40.41 38.73V256h68.78l-11 71.69h-57.78V501C413.31 482.38 504 379.78 504 256z\"><\/path><\/svg>\t\t\t\t\t<\/a>\n\t\t\t\t<\/span>\n\t\t\t\t\t\t\t<span class=\"elementor-grid-item\" role=\"listitem\">\n\t\t\t\t\t<a class=\"elementor-icon elementor-social-icon elementor-social-icon-twitter elementor-repeater-item-a1ae41b\" target=\"_blank\">\n\t\t\t\t\t\t<span class=\"elementor-screen-only\">Twitter<\/span>\n\t\t\t\t\t\t<svg aria-hidden=\"true\" class=\"e-font-icon-svg e-fab-twitter\" viewbox=\"0 0 512 512\" xmlns=\"http:\/\/www.w3.org\/2000\/svg\"><path d=\"M459.37 151.716c.325 4.548.325 9.097.325 13.645 0 138.72-105.583 298.558-298.558 298.558-59.452 0-114.68-17.219-161.137-47.106 8.447.974 16.568 1.299 25.34 1.299 49.055 0 94.213-16.568 130.274-44.832-46.132-.975-84.792-31.188-98.112-72.772 6.498.974 12.995 1.624 19.818 1.624 9.421 0 18.843-1.3 27.614-3.573-48.081-9.747-84.143-51.98-84.143-102.985v-1.299c13.969 7.797 30.214 12.67 47.431 13.319-28.264-18.843-46.781-51.005-46.781-87.391 0-19.492 5.197-37.36 14.294-52.954 51.655 63.675 129.3 105.258 216.365 109.807-1.624-7.797-2.599-15.918-2.599-24.04 0-57.828 46.782-104.934 104.934-104.934 30.213 0 57.502 12.67 76.67 33.137 23.715-4.548 46.456-13.32 66.599-25.34-7.798 24.366-24.366 44.833-46.132 57.827 21.117-2.273 41.584-8.122 60.426-16.243-14.292 20.791-32.161 39.308-52.628 54.253z\"><\/path><\/svg>\t\t\t\t\t<\/a>\n\t\t\t\t<\/span>\n\t\t\t\t\t\t\t<span class=\"elementor-grid-item\" role=\"listitem\">\n\t\t\t\t\t<a class=\"elementor-icon elementor-social-icon elementor-social-icon-youtube elementor-repeater-item-a909807\" target=\"_blank\">\n\t\t\t\t\t\t<span class=\"elementor-screen-only\">Youtube<\/span>\n\t\t\t\t\t\t<svg aria-hidden=\"true\" class=\"e-font-icon-svg e-fab-youtube\" viewbox=\"0 0 576 512\" xmlns=\"http:\/\/www.w3.org\/2000\/svg\"><path d=\"M549.655 124.083c-6.281-23.65-24.787-42.276-48.284-48.597C458.781 64 288 64 288 64S117.22 64 74.629 75.486c-23.497 6.322-42.003 24.947-48.284 48.597-11.412 42.867-11.412 132.305-11.412 132.305s0 89.438 11.412 132.305c6.281 23.65 24.787 41.5 48.284 47.821C117.22 448 288 448 288 448s170.78 0 213.371-11.486c23.497-6.321 42.003-24.171 48.284-47.821 11.412-42.867 11.412-132.305 11.412-132.305s0-89.438-11.412-132.305zm-317.51 213.508V175.185l142.739 81.205-142.739 81.201z\"><\/path><\/svg>\t\t\t\t\t<\/a>\n\t\t\t\t<\/span>\n\t\t\t\t\t\t\t<span class=\"elementor-grid-item\" role=\"listitem\">\n\t\t\t\t\t<a class=\"elementor-icon elementor-social-icon elementor-social-icon-instagram elementor-repeater-item-cabb0ea\" target=\"_blank\">\n\t\t\t\t\t\t<span class=\"elementor-screen-only\">Instagram<\/span>\n\t\t\t\t\t\t<svg aria-hidden=\"true\" class=\"e-font-icon-svg e-fab-instagram\" viewbox=\"0 0 448 512\" xmlns=\"http:\/\/www.w3.org\/2000\/svg\"><path d=\"M224.1 141c-63.6 0-114.9 51.3-114.9 114.9s51.3 114.9 114.9 114.9S339 319.5 339 255.9 287.7 141 224.1 141zm0 189.6c-41.1 0-74.7-33.5-74.7-74.7s33.5-74.7 74.7-74.7 74.7 33.5 74.7 74.7-33.6 74.7-74.7 74.7zm146.4-194.3c0 14.9-12 26.8-26.8 26.8-14.9 0-26.8-12-26.8-26.8s12-26.8 26.8-26.8 26.8 12 26.8 26.8zm76.1 27.2c-1.7-35.9-9.9-67.7-36.2-93.9-26.2-26.2-58-34.4-93.9-36.2-37-2.1-147.9-2.1-184.9 0-35.8 1.7-67.6 9.9-93.9 36.1s-34.4 58-36.2 93.9c-2.1 37-2.1 147.9 0 184.9 1.7 35.9 9.9 67.7 36.2 93.9s58 34.4 93.9 36.2c37 2.1 147.9 2.1 184.9 0 35.9-1.7 67.7-9.9 93.9-36.2 26.2-26.2 34.4-58 36.2-93.9 2.1-37 2.1-147.8 0-184.8zM398.8 388c-7.8 19.6-22.9 34.7-42.6 42.6-29.5 11.7-99.5 9-132.1 9s-102.7 2.6-132.1-9c-19.6-7.8-34.7-22.9-42.6-42.6-11.7-29.5-9-99.5-9-132.1s-2.6-102.7 9-132.1c7.8-19.6 22.9-34.7 42.6-42.6 29.5-11.7 99.5-9 132.1-9s102.7-2.6 132.1 9c19.6 7.8 34.7 22.9 42.6 42.6 11.7 29.5 9 99.5 9 132.1s2.7 102.7-9 132.1z\"><\/path><\/svg>\t\t\t\t\t<\/a>\n\t\t\t\t<\/span>\n\t\t\t\t\t<\/div>\n\t\t\t\t\t\t<\/div>\n\t\t\t\t<\/div>\n\t\t\t\t<\/div>\n\t\t<div class=\"elementor-element elementor-element-e9bcd97 e-con-full e-flex e-con e-child\" data-id=\"e9bcd97\" data-element_type=\"container\" data-e-type=\"container\">\n\t\t\t\t<div class=\"elementor-element elementor-element-b98fb2b elementor-widget elementor-widget-heading\" data-id=\"b98fb2b\" data-element_type=\"widget\" data-e-type=\"widget\" data-widget_type=\"heading.default\">\n\t\t\t\t\t<h2 class=\"elementor-heading-title elementor-size-default\">hiddenstays 2025 - Student work <\/h2>\t\t\t\t<\/div>\n\t\t\t\t<\/div>\n\t\t\t\t\t<\/div>\n\t\t\t\t<\/div>\n\t\t\t\t<\/div>","protected":false},"excerpt":{"rendered":"<p>Become a web host Contact us Privacy Legal notice Privacy policy FOLLOW US Facebook Twitter Youtube Instagram \u00a9 hiddenstays 2025 - Student work<\/p>","protected":false},"author":1,"featured_media":0,"parent":0,"menu_order":0,"comment_status":"closed","ping_status":"closed","template":"elementor_header_footer","meta":{"om_disable_all_campaigns":false,"_monsterinsights_skip_tracking":false,"_monsterinsights_sitenote_active":false,"_monsterinsights_sitenote_note":"","_monsterinsights_sitenote_category":0,"footnotes":""},"class_list":["post-29","page","type-page","status-publish"],"yoast_head":"<!-- This site is optimized with the Yoast SEO plugin v27.3 - https:\/\/yoast.com\/product\/yoast-seo-wordpress\/ -->\n<title>Devenez h\u00e9bergeur - hiddenstays<\/title>\n<meta name=\"robots\" content=\"index, follow, max-snippet:-1, max-image-preview:large, max-video-preview:-1\" \/>\n<link rel=\"canonical\" href=\"https:\/\/hiddenstays.fr\/en\/devenez-hebergeur\/\" \/>\n<meta property=\"og:locale\" content=\"en_GB\" \/>\n<meta property=\"og:type\" content=\"article\" \/>\n<meta property=\"og:title\" content=\"Devenez h\u00e9bergeur - hiddenstays\" \/>\n<meta property=\"og:description\" content=\"Devenez h\u00e9bergeur Contactez-nous Confidentialit\u00e9 Mentions l\u00e9gales\u00a0 Politique de confidentialit\u00e9 SUIVEZ-NOUS Facebook Twitter Youtube Instagram \u00a9 hiddenstays 2025 &#8211; Travail \u00e9tudiant\" \/>\n<meta property=\"og:url\" content=\"https:\/\/hiddenstays.fr\/en\/devenez-hebergeur\/\" \/>\n<meta property=\"og:site_name\" content=\"hiddenstays\" \/>\n<meta property=\"article:modified_time\" content=\"2025-12-08T10:46:19+00:00\" \/>\n<meta name=\"twitter:card\" content=\"summary_large_image\" \/>\n<meta name=\"twitter:label1\" content=\"Estimated reading time\" \/>\n\t<meta name=\"twitter:data1\" content=\"1 minute\" \/>\n<script type=\"application\/ld+json\" class=\"yoast-schema-graph\">{\"@context\":\"https:\\\/\\\/schema.org\",\"@graph\":[{\"@type\":\"WebPage\",\"@id\":\"https:\\\/\\\/hiddenstays.fr\\\/devenez-hebergeur\\\/\",\"url\":\"https:\\\/\\\/hiddenstays.fr\\\/devenez-hebergeur\\\/\",\"name\":\"Devenez h\u00e9bergeur - hiddenstays\",\"isPartOf\":{\"@id\":\"https:\\\/\\\/hiddenstays.fr\\\/#website\"},\"datePublished\":\"2025-11-27T14:28:01+00:00\",\"dateModified\":\"2025-12-08T10:46:19+00:00\",\"breadcrumb\":{\"@id\":\"https:\\\/\\\/hiddenstays.fr\\\/devenez-hebergeur\\\/#breadcrumb\"},\"inLanguage\":\"en-GB\",\"potentialAction\":[{\"@type\":\"ReadAction\",\"target\":[\"https:\\\/\\\/hiddenstays.fr\\\/devenez-hebergeur\\\/\"]}]},{\"@type\":\"BreadcrumbList\",\"@id\":\"https:\\\/\\\/hiddenstays.fr\\\/devenez-hebergeur\\\/#breadcrumb\",\"itemListElement\":[{\"@type\":\"ListItem\",\"position\":1,\"name\":\"Accueil\",\"item\":\"https:\\\/\\\/hiddenstays.fr\\\/\"},{\"@type\":\"ListItem\",\"position\":2,\"name\":\"Devenez h\u00e9bergeur\"}]},{\"@type\":\"WebSite\",\"@id\":\"https:\\\/\\\/hiddenstays.fr\\\/#website\",\"url\":\"https:\\\/\\\/hiddenstays.fr\\\/\",\"name\":\"hiddenstays\",\"description\":\"Just another WordPress site\",\"publisher\":{\"@id\":\"https:\\\/\\\/hiddenstays.fr\\\/#organization\"},\"potentialAction\":[{\"@type\":\"SearchAction\",\"target\":{\"@type\":\"EntryPoint\",\"urlTemplate\":\"https:\\\/\\\/hiddenstays.fr\\\/?s={search_term_string}\"},\"query-input\":{\"@type\":\"PropertyValueSpecification\",\"valueRequired\":true,\"valueName\":\"search_term_string\"}}],\"inLanguage\":\"en-GB\"},{\"@type\":\"Organization\",\"@id\":\"https:\\\/\\\/hiddenstays.fr\\\/#organization\",\"name\":\"hiddenstays\",\"url\":\"https:\\\/\\\/hiddenstays.fr\\\/\",\"logo\":{\"@type\":\"ImageObject\",\"inLanguage\":\"en-GB\",\"@id\":\"https:\\\/\\\/hiddenstays.fr\\\/#\\\/schema\\\/logo\\\/image\\\/\",\"url\":\"https:\\\/\\\/hiddenstays.fr\\\/wp-content\\\/uploads\\\/2025\\\/12\\\/cropped-logo-site-hiddenstays-png.png\",\"contentUrl\":\"https:\\\/\\\/hiddenstays.fr\\\/wp-content\\\/uploads\\\/2025\\\/12\\\/cropped-logo-site-hiddenstays-png.png\",\"width\":351,\"height\":203,\"caption\":\"hiddenstays\"},\"image\":{\"@id\":\"https:\\\/\\\/hiddenstays.fr\\\/#\\\/schema\\\/logo\\\/image\\\/\"}}]}<\/script>\n<!-- \/ Yoast SEO plugin. -->","yoast_head_json":{"title":"Become a web host - hiddenstays","robots":{"index":"index","follow":"follow","max-snippet":"max-snippet:-1","max-image-preview":"max-image-preview:large","max-video-preview":"max-video-preview:-1"},"canonical":"https:\/\/hiddenstays.fr\/en\/devenez-hebergeur\/","og_locale":"en_GB","og_type":"article","og_title":"Devenez h\u00e9bergeur - hiddenstays","og_description":"Devenez h\u00e9bergeur Contactez-nous Confidentialit\u00e9 Mentions l\u00e9gales\u00a0 Politique de confidentialit\u00e9 SUIVEZ-NOUS Facebook Twitter Youtube Instagram \u00a9 hiddenstays 2025 &#8211; Travail \u00e9tudiant","og_url":"https:\/\/hiddenstays.fr\/en\/devenez-hebergeur\/","og_site_name":"hiddenstays","article_modified_time":"2025-12-08T10:46:19+00:00","twitter_card":"summary_large_image","twitter_misc":{"Estimated reading time":"1 minute"},"schema":{"@context":"https:\/\/schema.org","@graph":[{"@type":"WebPage","@id":"https:\/\/hiddenstays.fr\/devenez-hebergeur\/","url":"https:\/\/hiddenstays.fr\/devenez-hebergeur\/","name":"Become a web host - hiddenstays","isPartOf":{"@id":"https:\/\/hiddenstays.fr\/#website"},"datePublished":"2025-11-27T14:28:01+00:00","dateModified":"2025-12-08T10:46:19+00:00","breadcrumb":{"@id":"https:\/\/hiddenstays.fr\/devenez-hebergeur\/#breadcrumb"},"inLanguage":"en-GB","potentialAction":[{"@type":"ReadAction","target":["https:\/\/hiddenstays.fr\/devenez-hebergeur\/"]}]},{"@type":"BreadcrumbList","@id":"https:\/\/hiddenstays.fr\/devenez-hebergeur\/#breadcrumb","itemListElement":[{"@type":"ListItem","position":1,"name":"Accueil","item":"https:\/\/hiddenstays.fr\/"},{"@type":"ListItem","position":2,"name":"Devenez h\u00e9bergeur"}]},{"@type":"WebSite","@id":"https:\/\/hiddenstays.fr\/#website","url":"https:\/\/hiddenstays.fr\/","name":"hiddenstays","description":"Just another WordPress site","publisher":{"@id":"https:\/\/hiddenstays.fr\/#organization"},"potentialAction":[{"@type":"SearchAction","target":{"@type":"EntryPoint","urlTemplate":"https:\/\/hiddenstays.fr\/?s={search_term_string}"},"query-input":{"@type":"PropertyValueSpecification","valueRequired":true,"valueName":"search_term_string"}}],"inLanguage":"en-GB"},{"@type":"Organization","@id":"https:\/\/hiddenstays.fr\/#organization","name":"hiddenstays","url":"https:\/\/hiddenstays.fr\/","logo":{"@type":"ImageObject","inLanguage":"en-GB","@id":"https:\/\/hiddenstays.fr\/#\/schema\/logo\/image\/","url":"https:\/\/hiddenstays.fr\/wp-content\/uploads\/2025\/12\/cropped-logo-site-hiddenstays-png.png","contentUrl":"https:\/\/hiddenstays.fr\/wp-content\/uploads\/2025\/12\/cropped-logo-site-hiddenstays-png.png","width":351,"height":203,"caption":"hiddenstays"},"image":{"@id":"https:\/\/hiddenstays.fr\/#\/schema\/logo\/image\/"}}]}},"_links":{"self":[{"href":"https:\/\/hiddenstays.fr\/en\/wp-json\/wp\/v2\/pages\/29","targetHints":{"allow":["GET"]}}],"collection":[{"href":"https:\/\/hiddenstays.fr\/en\/wp-json\/wp\/v2\/pages"}],"about":[{"href":"https:\/\/hiddenstays.fr\/en\/wp-json\/wp\/v2\/types\/page"}],"author":[{"embeddable":true,"href":"https:\/\/hiddenstays.fr\/en\/wp-json\/wp\/v2\/users\/1"}],"replies":[{"embeddable":true,"href":"https:\/\/hiddenstays.fr\/en\/wp-json\/wp\/v2\/comments?post=29"}],"version-history":[{"count":55,"href":"https:\/\/hiddenstays.fr\/en\/wp-json\/wp\/v2\/pages\/29\/revisions"}],"predecessor-version":[{"id":493,"href":"https:\/\/hiddenstays.fr\/en\/wp-json\/wp\/v2\/pages\/29\/revisions\/493"}],"wp:attachment":[{"href":"https:\/\/hiddenstays.fr\/en\/wp-json\/wp\/v2\/media?parent=29"}],"curies":[{"name":"wp","href":"https:\/\/api.w.org\/{rel}","templated":true}]}}