{"id":25,"date":"2025-11-27T14:26:49","date_gmt":"2025-11-27T14:26:49","guid":{"rendered":"http:\/\/hiddenstays.fr\/?page_id=25"},"modified":"2025-12-02T15:30:39","modified_gmt":"2025-12-02T15:30:39","slug":"experiences","status":"publish","type":"page","link":"https:\/\/hiddenstays.fr\/en\/experiences\/","title":{"rendered":"Experiences"},"content":{"rendered":"<div data-elementor-type=\"wp-page\" data-elementor-id=\"25\" class=\"elementor elementor-25\">\n\t\t\t\t<div class=\"elementor-element elementor-element-501e652 e-flex e-con-boxed e-con e-parent\" data-id=\"501e652\" data-element_type=\"container\" data-e-type=\"container\" data-settings=\"{&quot;background_background&quot;:&quot;classic&quot;}\">\n\t\t\t\t\t<div class=\"e-con-inner\">\n\t\t\t\t<div class=\"elementor-element elementor-element-da065b1 elementor-widget__width-initial elementor-widget elementor-widget-heading\" data-id=\"da065b1\" data-element_type=\"widget\" data-e-type=\"widget\" data-widget_type=\"heading.default\">\n\t\t\t\t\t<h1 class=\"elementor-heading-title elementor-size-default\">Experiences<\/h1>\t\t\t\t<\/div>\n\t\t\t\t<div class=\"elementor-element elementor-element-11d97b3 elementor-widget-divider--view-line elementor-widget elementor-widget-divider\" data-id=\"11d97b3\" data-element_type=\"widget\" data-e-type=\"widget\" data-widget_type=\"divider.default\">\n\t\t\t\t\t\t\t<div class=\"elementor-divider\">\n\t\t\t<span class=\"elementor-divider-separator\">\n\t\t\t\t\t\t<\/span>\n\t\t<\/div>\n\t\t\t\t\t\t<\/div>\n\t\t\t\t\t<\/div>\n\t\t\t\t<\/div>\n\t\t<div class=\"elementor-element elementor-element-487cd77 e-flex e-con-boxed e-con e-parent\" data-id=\"487cd77\" data-element_type=\"container\" data-e-type=\"container\">\n\t\t\t\t\t<div class=\"e-con-inner\">\n\t\t\t\t<div class=\"elementor-element elementor-element-fd172b0 elementor-widget elementor-widget-spacer\" data-id=\"fd172b0\" data-element_type=\"widget\" data-e-type=\"widget\" data-widget_type=\"spacer.default\">\n\t\t\t\t\t\t\t<div class=\"elementor-spacer\">\n\t\t\t<div class=\"elementor-spacer-inner\"><\/div>\n\t\t<\/div>\n\t\t\t\t\t\t<\/div>\n\t\t\t\t\t<\/div>\n\t\t\t\t<\/div>\n\t\t<div class=\"elementor-element elementor-element-4e92672 e-flex e-con-boxed e-con e-parent\" data-id=\"4e92672\" data-element_type=\"container\" data-e-type=\"container\">\n\t\t\t\t\t<div class=\"e-con-inner\">\n\t\t\t\t<div class=\"elementor-element elementor-element-1fc832f elementor-widget elementor-widget-heading\" data-id=\"1fc832f\" data-element_type=\"widget\" data-e-type=\"widget\" data-widget_type=\"heading.default\">\n\t\t\t\t\t<h2 class=\"elementor-heading-title elementor-size-default\">D\u00e9couvrez tous nos h\u00e9bergements insolites<\/h2>\t\t\t\t<\/div>\n\t\t\t\t\t<\/div>\n\t\t\t\t<\/div>\n\t\t<div class=\"elementor-element elementor-element-bedb761 e-flex e-con-boxed e-con e-parent\" data-id=\"bedb761\" data-element_type=\"container\" data-e-type=\"container\">\n\t\t\t\t\t<div class=\"e-con-inner\">\n\t\t<div class=\"elementor-element elementor-element-7478ce6 e-con-full e-flex e-con e-child\" data-id=\"7478ce6\" data-element_type=\"container\" data-e-type=\"container\">\n\t\t\t\t<div class=\"elementor-element elementor-element-4f0e412 elementor-widget elementor-widget-heading\" data-id=\"4f0e412\" data-element_type=\"widget\" data-e-type=\"widget\" data-widget_type=\"heading.default\">\n\t\t\t\t\t<h2 class=\"elementor-heading-title elementor-size-default\">Yurt<\/h2>\t\t\t\t<\/div>\n\t\t\t\t<div class=\"elementor-element elementor-element-bc42923 elementor-widget__width-initial elementor-widget elementor-widget-image\" data-id=\"bc42923\" data-element_type=\"widget\" data-e-type=\"widget\" data-widget_type=\"image.default\">\n\t\t\t\t\t\t\t\t\t\t\t\t\t\t\t<img fetchpriority=\"high\" decoding=\"async\" width=\"800\" height=\"523\" src=\"https:\/\/hiddenstays.fr\/wp-content\/uploads\/2025\/11\/Capture-decran_27-11-2025_164423_www.domaine-ecotelia.com_-1024x669.jpeg\" class=\"attachment-large size-large wp-image-66\" alt=\"hebergement insolite - hiddenstays - yourte\" srcset=\"https:\/\/hiddenstays.fr\/wp-content\/uploads\/2025\/11\/Capture-decran_27-11-2025_164423_www.domaine-ecotelia.com_-1024x669.jpeg 1024w, https:\/\/hiddenstays.fr\/wp-content\/uploads\/2025\/11\/Capture-decran_27-11-2025_164423_www.domaine-ecotelia.com_-300x196.jpeg 300w, https:\/\/hiddenstays.fr\/wp-content\/uploads\/2025\/11\/Capture-decran_27-11-2025_164423_www.domaine-ecotelia.com_-768x502.jpeg 768w, https:\/\/hiddenstays.fr\/wp-content\/uploads\/2025\/11\/Capture-decran_27-11-2025_164423_www.domaine-ecotelia.com_-18x12.jpeg 18w, https:\/\/hiddenstays.fr\/wp-content\/uploads\/2025\/11\/Capture-decran_27-11-2025_164423_www.domaine-ecotelia.com_.jpeg 1294w\" sizes=\"(max-width: 800px) 100vw, 800px\" \/>\t\t\t\t\t\t\t\t\t\t\t\t\t\t\t<\/div>\n\t\t\t\t<\/div>\n\t\t<div class=\"elementor-element elementor-element-02026b9 e-con-full e-flex e-con e-child\" data-id=\"02026b9\" data-element_type=\"container\" data-e-type=\"container\">\n\t\t\t\t<div class=\"elementor-element elementor-element-b21c8ad elementor-widget elementor-widget-heading\" data-id=\"b21c8ad\" data-element_type=\"widget\" data-e-type=\"widget\" data-widget_type=\"heading.default\">\n\t\t\t\t\t<h2 class=\"elementor-heading-title elementor-size-default\">Chalet<\/h2>\t\t\t\t<\/div>\n\t\t\t\t<div class=\"elementor-element elementor-element-d6c5bcc elementor-widget__width-initial elementor-widget elementor-widget-image\" data-id=\"d6c5bcc\" data-element_type=\"widget\" data-e-type=\"widget\" data-widget_type=\"image.default\">\n\t\t\t\t\t\t\t\t\t\t\t\t\t\t\t<img decoding=\"async\" width=\"800\" height=\"534\" src=\"https:\/\/hiddenstays.fr\/wp-content\/uploads\/2025\/11\/pexels-robertkso-15888622-1-1024x683.jpg\" class=\"attachment-large size-large wp-image-75\" alt=\"hebergement insolite - hiddenstays - cabane dans les arbres\" srcset=\"https:\/\/hiddenstays.fr\/wp-content\/uploads\/2025\/11\/pexels-robertkso-15888622-1-1024x683.jpg 1024w, https:\/\/hiddenstays.fr\/wp-content\/uploads\/2025\/11\/pexels-robertkso-15888622-1-300x200.jpg 300w, https:\/\/hiddenstays.fr\/wp-content\/uploads\/2025\/11\/pexels-robertkso-15888622-1-768x512.jpg 768w, https:\/\/hiddenstays.fr\/wp-content\/uploads\/2025\/11\/pexels-robertkso-15888622-1-1536x1024.jpg 1536w, https:\/\/hiddenstays.fr\/wp-content\/uploads\/2025\/11\/pexels-robertkso-15888622-1-18x12.jpg 18w\" sizes=\"(max-width: 800px) 100vw, 800px\" \/>\t\t\t\t\t\t\t\t\t\t\t\t\t\t\t<\/div>\n\t\t\t\t<\/div>\n\t\t\t\t\t<\/div>\n\t\t\t\t<\/div>\n\t\t<div class=\"elementor-element elementor-element-4beb73c e-flex e-con-boxed e-con e-parent\" data-id=\"4beb73c\" data-element_type=\"container\" data-e-type=\"container\" data-settings=\"{&quot;background_background&quot;:&quot;classic&quot;}\">\n\t\t\t\t\t<div class=\"e-con-inner\">\n\t\t<div class=\"elementor-element elementor-element-7edfa79 e-con-full e-flex e-con e-child\" data-id=\"7edfa79\" data-element_type=\"container\" data-e-type=\"container\">\n\t\t<div class=\"elementor-element elementor-element-f5e8c78 e-con-full e-flex e-con e-child\" data-id=\"f5e8c78\" data-element_type=\"container\" data-e-type=\"container\">\n\t\t\t\t<div class=\"elementor-element elementor-element-be87066 elementor-widget elementor-widget-heading\" data-id=\"be87066\" data-element_type=\"widget\" data-e-type=\"widget\" data-widget_type=\"heading.default\">\n\t\t\t\t\t<h2 class=\"elementor-heading-title elementor-size-default\">Confidentiality<\/h2>\t\t\t\t<\/div>\n\t\t\t\t<div class=\"elementor-element elementor-element-076cb29 elementor-widget elementor-widget-text-editor\" data-id=\"076cb29\" data-element_type=\"widget\" data-e-type=\"widget\" data-widget_type=\"text-editor.default\">\n\t\t\t\t\t\t\t\t\t<p><a href=\"http:\/\/hiddenstays.fr\/en\/mentions-legales\/?preview_id=152&amp;preview_nonce=b3a726c80f&amp;preview=true\">Legal information\u00a0<\/a><\/p>\t\t\t\t\t\t\t\t<\/div>\n\t\t\t\t<div class=\"elementor-element elementor-element-e6310ab elementor-widget elementor-widget-text-editor\" data-id=\"e6310ab\" data-element_type=\"widget\" data-e-type=\"widget\" data-widget_type=\"text-editor.default\">\n\t\t\t\t\t\t\t\t\t<p><a href=\"http:\/\/hiddenstays.fr\/en\/politique-de-confidentialite\/?preview_id=150&amp;preview_nonce=a7bf50650c&amp;preview=true\">Privacy policy<\/a><\/p>\t\t\t\t\t\t\t\t<\/div>\n\t\t\t\t<\/div>\n\t\t<div class=\"elementor-element elementor-element-209df18 e-con-full e-flex e-con e-child\" data-id=\"209df18\" data-element_type=\"container\" data-e-type=\"container\">\n\t\t\t\t<div class=\"elementor-element elementor-element-61b7254 elementor-widget elementor-widget-heading\" data-id=\"61b7254\" data-element_type=\"widget\" data-e-type=\"widget\" data-widget_type=\"heading.default\">\n\t\t\t\t\t<h2 class=\"elementor-heading-title elementor-size-default\">FOLLOW US<\/h2>\t\t\t\t<\/div>\n\t\t\t\t<div class=\"elementor-element elementor-element-2e1c84d elementor-shape-circle elementor-grid-0 e-grid-align-center elementor-widget elementor-widget-social-icons\" data-id=\"2e1c84d\" data-element_type=\"widget\" data-e-type=\"widget\" data-widget_type=\"social-icons.default\">\n\t\t\t\t\t\t\t<div class=\"elementor-social-icons-wrapper elementor-grid\" role=\"list\">\n\t\t\t\t\t\t\t<span class=\"elementor-grid-item\" role=\"listitem\">\n\t\t\t\t\t<a class=\"elementor-icon elementor-social-icon elementor-social-icon-facebook elementor-repeater-item-c4326d6\" target=\"_blank\">\n\t\t\t\t\t\t<span class=\"elementor-screen-only\">Facebook<\/span>\n\t\t\t\t\t\t<svg aria-hidden=\"true\" class=\"e-font-icon-svg e-fab-facebook\" viewbox=\"0 0 512 512\" xmlns=\"http:\/\/www.w3.org\/2000\/svg\"><path d=\"M504 256C504 119 393 8 256 8S8 119 8 256c0 123.78 90.69 226.38 209.25 245V327.69h-63V256h63v-54.64c0-62.15 37-96.48 93.67-96.48 27.14 0 55.52 4.84 55.52 4.84v61h-31.28c-30.8 0-40.41 19.12-40.41 38.73V256h68.78l-11 71.69h-57.78V501C413.31 482.38 504 379.78 504 256z\"><\/path><\/svg>\t\t\t\t\t<\/a>\n\t\t\t\t<\/span>\n\t\t\t\t\t\t\t<span class=\"elementor-grid-item\" role=\"listitem\">\n\t\t\t\t\t<a class=\"elementor-icon elementor-social-icon elementor-social-icon-twitter elementor-repeater-item-a1ae41b\" target=\"_blank\">\n\t\t\t\t\t\t<span class=\"elementor-screen-only\">Twitter<\/span>\n\t\t\t\t\t\t<svg aria-hidden=\"true\" class=\"e-font-icon-svg e-fab-twitter\" viewbox=\"0 0 512 512\" xmlns=\"http:\/\/www.w3.org\/2000\/svg\"><path d=\"M459.37 151.716c.325 4.548.325 9.097.325 13.645 0 138.72-105.583 298.558-298.558 298.558-59.452 0-114.68-17.219-161.137-47.106 8.447.974 16.568 1.299 25.34 1.299 49.055 0 94.213-16.568 130.274-44.832-46.132-.975-84.792-31.188-98.112-72.772 6.498.974 12.995 1.624 19.818 1.624 9.421 0 18.843-1.3 27.614-3.573-48.081-9.747-84.143-51.98-84.143-102.985v-1.299c13.969 7.797 30.214 12.67 47.431 13.319-28.264-18.843-46.781-51.005-46.781-87.391 0-19.492 5.197-37.36 14.294-52.954 51.655 63.675 129.3 105.258 216.365 109.807-1.624-7.797-2.599-15.918-2.599-24.04 0-57.828 46.782-104.934 104.934-104.934 30.213 0 57.502 12.67 76.67 33.137 23.715-4.548 46.456-13.32 66.599-25.34-7.798 24.366-24.366 44.833-46.132 57.827 21.117-2.273 41.584-8.122 60.426-16.243-14.292 20.791-32.161 39.308-52.628 54.253z\"><\/path><\/svg>\t\t\t\t\t<\/a>\n\t\t\t\t<\/span>\n\t\t\t\t\t\t\t<span class=\"elementor-grid-item\" role=\"listitem\">\n\t\t\t\t\t<a class=\"elementor-icon elementor-social-icon elementor-social-icon-youtube elementor-repeater-item-a909807\" target=\"_blank\">\n\t\t\t\t\t\t<span class=\"elementor-screen-only\">Youtube<\/span>\n\t\t\t\t\t\t<svg aria-hidden=\"true\" class=\"e-font-icon-svg e-fab-youtube\" viewbox=\"0 0 576 512\" xmlns=\"http:\/\/www.w3.org\/2000\/svg\"><path d=\"M549.655 124.083c-6.281-23.65-24.787-42.276-48.284-48.597C458.781 64 288 64 288 64S117.22 64 74.629 75.486c-23.497 6.322-42.003 24.947-48.284 48.597-11.412 42.867-11.412 132.305-11.412 132.305s0 89.438 11.412 132.305c6.281 23.65 24.787 41.5 48.284 47.821C117.22 448 288 448 288 448s170.78 0 213.371-11.486c23.497-6.321 42.003-24.171 48.284-47.821 11.412-42.867 11.412-132.305 11.412-132.305s0-89.438-11.412-132.305zm-317.51 213.508V175.185l142.739 81.205-142.739 81.201z\"><\/path><\/svg>\t\t\t\t\t<\/a>\n\t\t\t\t<\/span>\n\t\t\t\t\t\t\t<span class=\"elementor-grid-item\" role=\"listitem\">\n\t\t\t\t\t<a class=\"elementor-icon elementor-social-icon elementor-social-icon-instagram elementor-repeater-item-cabb0ea\" target=\"_blank\">\n\t\t\t\t\t\t<span class=\"elementor-screen-only\">Instagram<\/span>\n\t\t\t\t\t\t<svg aria-hidden=\"true\" class=\"e-font-icon-svg e-fab-instagram\" viewbox=\"0 0 448 512\" xmlns=\"http:\/\/www.w3.org\/2000\/svg\"><path d=\"M224.1 141c-63.6 0-114.9 51.3-114.9 114.9s51.3 114.9 114.9 114.9S339 319.5 339 255.9 287.7 141 224.1 141zm0 189.6c-41.1 0-74.7-33.5-74.7-74.7s33.5-74.7 74.7-74.7 74.7 33.5 74.7 74.7-33.6 74.7-74.7 74.7zm146.4-194.3c0 14.9-12 26.8-26.8 26.8-14.9 0-26.8-12-26.8-26.8s12-26.8 26.8-26.8 26.8 12 26.8 26.8zm76.1 27.2c-1.7-35.9-9.9-67.7-36.2-93.9-26.2-26.2-58-34.4-93.9-36.2-37-2.1-147.9-2.1-184.9 0-35.8 1.7-67.6 9.9-93.9 36.1s-34.4 58-36.2 93.9c-2.1 37-2.1 147.9 0 184.9 1.7 35.9 9.9 67.7 36.2 93.9s58 34.4 93.9 36.2c37 2.1 147.9 2.1 184.9 0 35.9-1.7 67.7-9.9 93.9-36.2 26.2-26.2 34.4-58 36.2-93.9 2.1-37 2.1-147.8 0-184.8zM398.8 388c-7.8 19.6-22.9 34.7-42.6 42.6-29.5 11.7-99.5 9-132.1 9s-102.7 2.6-132.1-9c-19.6-7.8-34.7-22.9-42.6-42.6-11.7-29.5-9-99.5-9-132.1s-2.6-102.7 9-132.1c7.8-19.6 22.9-34.7 42.6-42.6 29.5-11.7 99.5-9 132.1-9s102.7-2.6 132.1 9c19.6 7.8 34.7 22.9 42.6 42.6 11.7 29.5 9 99.5 9 132.1s2.7 102.7-9 132.1z\"><\/path><\/svg>\t\t\t\t\t<\/a>\n\t\t\t\t<\/span>\n\t\t\t\t\t<\/div>\n\t\t\t\t\t\t<\/div>\n\t\t\t\t<\/div>\n\t\t\t\t<\/div>\n\t\t<div class=\"elementor-element elementor-element-3fe3c8e e-con-full e-flex e-con e-child\" data-id=\"3fe3c8e\" data-element_type=\"container\" data-e-type=\"container\">\n\t\t\t\t<div class=\"elementor-element elementor-element-3459b04 elementor-widget elementor-widget-heading\" data-id=\"3459b04\" data-element_type=\"widget\" data-e-type=\"widget\" data-widget_type=\"heading.default\">\n\t\t\t\t\t<h2 class=\"elementor-heading-title elementor-size-default\">hiddenstays 2025 - Student work <\/h2>\t\t\t\t<\/div>\n\t\t\t\t<\/div>\n\t\t\t\t\t<\/div>\n\t\t\t\t<\/div>\n\t\t\t\t<\/div>","protected":false},"excerpt":{"rendered":"<p>Exp\u00e9riences D\u00e9couvrez tous nos h\u00e9bergements insolites Yourte Chalet Confidentialit\u00e9 Mentions l\u00e9gales\u00a0 Politique de confidentialit\u00e9 SUIVEZ-NOUS Facebook Twitter Youtube Instagram \u00a9 hiddenstays 2025 &#8211; Travail \u00e9tudiant<\/p>","protected":false},"author":1,"featured_media":0,"parent":0,"menu_order":0,"comment_status":"closed","ping_status":"closed","template":"elementor_header_footer","meta":{"om_disable_all_campaigns":false,"_monsterinsights_skip_tracking":false,"_monsterinsights_sitenote_active":false,"_monsterinsights_sitenote_note":"","_monsterinsights_sitenote_category":0,"footnotes":""},"class_list":["post-25","page","type-page","status-publish"],"yoast_head":"<!-- This site is optimized with the Yoast SEO plugin v27.3 - https:\/\/yoast.com\/product\/yoast-seo-wordpress\/ -->\n<title>Exp\u00e9riences - hiddenstays<\/title>\n<meta name=\"robots\" content=\"index, follow, max-snippet:-1, max-image-preview:large, max-video-preview:-1\" \/>\n<link rel=\"canonical\" href=\"https:\/\/hiddenstays.fr\/en\/experiences\/\" \/>\n<meta property=\"og:locale\" content=\"en_GB\" \/>\n<meta property=\"og:type\" content=\"article\" \/>\n<meta property=\"og:title\" content=\"Exp\u00e9riences - hiddenstays\" \/>\n<meta property=\"og:description\" content=\"Exp\u00e9riences D\u00e9couvrez tous nos h\u00e9bergements insolites Yourte Chalet Confidentialit\u00e9 Mentions l\u00e9gales\u00a0 Politique de confidentialit\u00e9 SUIVEZ-NOUS Facebook Twitter Youtube Instagram \u00a9 hiddenstays 2025 &#8211; Travail \u00e9tudiant\" \/>\n<meta property=\"og:url\" content=\"https:\/\/hiddenstays.fr\/en\/experiences\/\" \/>\n<meta property=\"og:site_name\" content=\"hiddenstays\" \/>\n<meta property=\"article:modified_time\" content=\"2025-12-02T15:30:39+00:00\" \/>\n<meta property=\"og:image\" content=\"https:\/\/hiddenstays.fr\/wp-content\/uploads\/2025\/11\/Capture-decran_27-11-2025_164423_www.domaine-ecotelia.com_.jpeg\" \/>\n\t<meta property=\"og:image:width\" content=\"1294\" \/>\n\t<meta property=\"og:image:height\" content=\"846\" \/>\n\t<meta property=\"og:image:type\" content=\"image\/jpeg\" \/>\n<meta name=\"twitter:card\" content=\"summary_large_image\" \/>\n<script type=\"application\/ld+json\" class=\"yoast-schema-graph\">{\"@context\":\"https:\\\/\\\/schema.org\",\"@graph\":[{\"@type\":\"WebPage\",\"@id\":\"https:\\\/\\\/hiddenstays.fr\\\/experiences\\\/\",\"url\":\"https:\\\/\\\/hiddenstays.fr\\\/experiences\\\/\",\"name\":\"Exp\u00e9riences - hiddenstays\",\"isPartOf\":{\"@id\":\"https:\\\/\\\/hiddenstays.fr\\\/#website\"},\"primaryImageOfPage\":{\"@id\":\"https:\\\/\\\/hiddenstays.fr\\\/experiences\\\/#primaryimage\"},\"image\":{\"@id\":\"https:\\\/\\\/hiddenstays.fr\\\/experiences\\\/#primaryimage\"},\"thumbnailUrl\":\"https:\\\/\\\/hiddenstays.fr\\\/wp-content\\\/uploads\\\/2025\\\/11\\\/Capture-decran_27-11-2025_164423_www.domaine-ecotelia.com_-1024x669.jpeg\",\"datePublished\":\"2025-11-27T14:26:49+00:00\",\"dateModified\":\"2025-12-02T15:30:39+00:00\",\"breadcrumb\":{\"@id\":\"https:\\\/\\\/hiddenstays.fr\\\/experiences\\\/#breadcrumb\"},\"inLanguage\":\"en-GB\",\"potentialAction\":[{\"@type\":\"ReadAction\",\"target\":[\"https:\\\/\\\/hiddenstays.fr\\\/experiences\\\/\"]}]},{\"@type\":\"ImageObject\",\"inLanguage\":\"en-GB\",\"@id\":\"https:\\\/\\\/hiddenstays.fr\\\/experiences\\\/#primaryimage\",\"url\":\"https:\\\/\\\/hiddenstays.fr\\\/wp-content\\\/uploads\\\/2025\\\/11\\\/Capture-decran_27-11-2025_164423_www.domaine-ecotelia.com_-1024x669.jpeg\",\"contentUrl\":\"https:\\\/\\\/hiddenstays.fr\\\/wp-content\\\/uploads\\\/2025\\\/11\\\/Capture-decran_27-11-2025_164423_www.domaine-ecotelia.com_-1024x669.jpeg\"},{\"@type\":\"BreadcrumbList\",\"@id\":\"https:\\\/\\\/hiddenstays.fr\\\/experiences\\\/#breadcrumb\",\"itemListElement\":[{\"@type\":\"ListItem\",\"position\":1,\"name\":\"Accueil\",\"item\":\"https:\\\/\\\/hiddenstays.fr\\\/\"},{\"@type\":\"ListItem\",\"position\":2,\"name\":\"Exp\u00e9riences\"}]},{\"@type\":\"WebSite\",\"@id\":\"https:\\\/\\\/hiddenstays.fr\\\/#website\",\"url\":\"https:\\\/\\\/hiddenstays.fr\\\/\",\"name\":\"hiddenstays\",\"description\":\"Just another WordPress site\",\"publisher\":{\"@id\":\"https:\\\/\\\/hiddenstays.fr\\\/#organization\"},\"potentialAction\":[{\"@type\":\"SearchAction\",\"target\":{\"@type\":\"EntryPoint\",\"urlTemplate\":\"https:\\\/\\\/hiddenstays.fr\\\/?s={search_term_string}\"},\"query-input\":{\"@type\":\"PropertyValueSpecification\",\"valueRequired\":true,\"valueName\":\"search_term_string\"}}],\"inLanguage\":\"en-GB\"},{\"@type\":\"Organization\",\"@id\":\"https:\\\/\\\/hiddenstays.fr\\\/#organization\",\"name\":\"hiddenstays\",\"url\":\"https:\\\/\\\/hiddenstays.fr\\\/\",\"logo\":{\"@type\":\"ImageObject\",\"inLanguage\":\"en-GB\",\"@id\":\"https:\\\/\\\/hiddenstays.fr\\\/#\\\/schema\\\/logo\\\/image\\\/\",\"url\":\"https:\\\/\\\/hiddenstays.fr\\\/wp-content\\\/uploads\\\/2025\\\/12\\\/cropped-logo-site-hiddenstays-png.png\",\"contentUrl\":\"https:\\\/\\\/hiddenstays.fr\\\/wp-content\\\/uploads\\\/2025\\\/12\\\/cropped-logo-site-hiddenstays-png.png\",\"width\":351,\"height\":203,\"caption\":\"hiddenstays\"},\"image\":{\"@id\":\"https:\\\/\\\/hiddenstays.fr\\\/#\\\/schema\\\/logo\\\/image\\\/\"}}]}<\/script>\n<!-- \/ Yoast SEO plugin. -->","yoast_head_json":{"title":"Exp\u00e9riences - hiddenstays","robots":{"index":"index","follow":"follow","max-snippet":"max-snippet:-1","max-image-preview":"max-image-preview:large","max-video-preview":"max-video-preview:-1"},"canonical":"https:\/\/hiddenstays.fr\/en\/experiences\/","og_locale":"en_GB","og_type":"article","og_title":"Exp\u00e9riences - hiddenstays","og_description":"Exp\u00e9riences D\u00e9couvrez tous nos h\u00e9bergements insolites Yourte Chalet Confidentialit\u00e9 Mentions l\u00e9gales\u00a0 Politique de confidentialit\u00e9 SUIVEZ-NOUS Facebook Twitter Youtube Instagram \u00a9 hiddenstays 2025 &#8211; Travail \u00e9tudiant","og_url":"https:\/\/hiddenstays.fr\/en\/experiences\/","og_site_name":"hiddenstays","article_modified_time":"2025-12-02T15:30:39+00:00","og_image":[{"width":1294,"height":846,"url":"https:\/\/hiddenstays.fr\/wp-content\/uploads\/2025\/11\/Capture-decran_27-11-2025_164423_www.domaine-ecotelia.com_.jpeg","type":"image\/jpeg"}],"twitter_card":"summary_large_image","schema":{"@context":"https:\/\/schema.org","@graph":[{"@type":"WebPage","@id":"https:\/\/hiddenstays.fr\/experiences\/","url":"https:\/\/hiddenstays.fr\/experiences\/","name":"Exp\u00e9riences - hiddenstays","isPartOf":{"@id":"https:\/\/hiddenstays.fr\/#website"},"primaryImageOfPage":{"@id":"https:\/\/hiddenstays.fr\/experiences\/#primaryimage"},"image":{"@id":"https:\/\/hiddenstays.fr\/experiences\/#primaryimage"},"thumbnailUrl":"https:\/\/hiddenstays.fr\/wp-content\/uploads\/2025\/11\/Capture-decran_27-11-2025_164423_www.domaine-ecotelia.com_-1024x669.jpeg","datePublished":"2025-11-27T14:26:49+00:00","dateModified":"2025-12-02T15:30:39+00:00","breadcrumb":{"@id":"https:\/\/hiddenstays.fr\/experiences\/#breadcrumb"},"inLanguage":"en-GB","potentialAction":[{"@type":"ReadAction","target":["https:\/\/hiddenstays.fr\/experiences\/"]}]},{"@type":"ImageObject","inLanguage":"en-GB","@id":"https:\/\/hiddenstays.fr\/experiences\/#primaryimage","url":"https:\/\/hiddenstays.fr\/wp-content\/uploads\/2025\/11\/Capture-decran_27-11-2025_164423_www.domaine-ecotelia.com_-1024x669.jpeg","contentUrl":"https:\/\/hiddenstays.fr\/wp-content\/uploads\/2025\/11\/Capture-decran_27-11-2025_164423_www.domaine-ecotelia.com_-1024x669.jpeg"},{"@type":"BreadcrumbList","@id":"https:\/\/hiddenstays.fr\/experiences\/#breadcrumb","itemListElement":[{"@type":"ListItem","position":1,"name":"Accueil","item":"https:\/\/hiddenstays.fr\/"},{"@type":"ListItem","position":2,"name":"Exp\u00e9riences"}]},{"@type":"WebSite","@id":"https:\/\/hiddenstays.fr\/#website","url":"https:\/\/hiddenstays.fr\/","name":"hiddenstays","description":"Just another WordPress site","publisher":{"@id":"https:\/\/hiddenstays.fr\/#organization"},"potentialAction":[{"@type":"SearchAction","target":{"@type":"EntryPoint","urlTemplate":"https:\/\/hiddenstays.fr\/?s={search_term_string}"},"query-input":{"@type":"PropertyValueSpecification","valueRequired":true,"valueName":"search_term_string"}}],"inLanguage":"en-GB"},{"@type":"Organization","@id":"https:\/\/hiddenstays.fr\/#organization","name":"hiddenstays","url":"https:\/\/hiddenstays.fr\/","logo":{"@type":"ImageObject","inLanguage":"en-GB","@id":"https:\/\/hiddenstays.fr\/#\/schema\/logo\/image\/","url":"https:\/\/hiddenstays.fr\/wp-content\/uploads\/2025\/12\/cropped-logo-site-hiddenstays-png.png","contentUrl":"https:\/\/hiddenstays.fr\/wp-content\/uploads\/2025\/12\/cropped-logo-site-hiddenstays-png.png","width":351,"height":203,"caption":"hiddenstays"},"image":{"@id":"https:\/\/hiddenstays.fr\/#\/schema\/logo\/image\/"}}]}},"_links":{"self":[{"href":"https:\/\/hiddenstays.fr\/en\/wp-json\/wp\/v2\/pages\/25","targetHints":{"allow":["GET"]}}],"collection":[{"href":"https:\/\/hiddenstays.fr\/en\/wp-json\/wp\/v2\/pages"}],"about":[{"href":"https:\/\/hiddenstays.fr\/en\/wp-json\/wp\/v2\/types\/page"}],"author":[{"embeddable":true,"href":"https:\/\/hiddenstays.fr\/en\/wp-json\/wp\/v2\/users\/1"}],"replies":[{"embeddable":true,"href":"https:\/\/hiddenstays.fr\/en\/wp-json\/wp\/v2\/comments?post=25"}],"version-history":[{"count":22,"href":"https:\/\/hiddenstays.fr\/en\/wp-json\/wp\/v2\/pages\/25\/revisions"}],"predecessor-version":[{"id":406,"href":"https:\/\/hiddenstays.fr\/en\/wp-json\/wp\/v2\/pages\/25\/revisions\/406"}],"wp:attachment":[{"href":"https:\/\/hiddenstays.fr\/en\/wp-json\/wp\/v2\/media?parent=25"}],"curies":[{"name":"wp","href":"https:\/\/api.w.org\/{rel}","templated":true}]}}